{"id":53,"date":"2021-01-20T23:40:42","date_gmt":"2021-01-20T23:40:42","guid":{"rendered":"https:\/\/zieglerwiesner.de\/?page_id=53"},"modified":"2021-05-19T21:45:08","modified_gmt":"2021-05-19T21:45:08","slug":"sylvia-rena-ziegler","status":"publish","type":"page","link":"https:\/\/zieglerwiesner.de\/?page_id=53","title":{"rendered":"Sylvia Rena Ziegler"},"content":{"rendered":"<div id=\"pl-53\"  class=\"panel-layout\" ><div id=\"pg-53-0\"  class=\"panel-grid panel-no-style\" ><div id=\"pgc-53-0-0\"  class=\"panel-grid-cell\" ><div id=\"panel-53-0-0-0\" class=\"so-panel widget widget_sow-editor panel-first-child panel-last-child\" data-index=\"0\" ><div class=\"so-widget-sow-editor so-widget-sow-editor-base\"><h3 class=\"widget-title\">Sylvia Rena Ziegler<\/h3>\n<div class=\"siteorigin-widget-tinymce textwidget\">\n\t<p>An der Leipziger Oper gab die junge Mezzosopranistin diese Spielzeit als Waltraute (Der Ring an einem Abend) ihr Hausdebut. Am Nationaltheater Mannheim war sie vergangene Spielzeit als Waltraute und Ro\u00dfweise (Der Ring an einem Abend) zu erleben, desweiteren kehrte sie an das Opernhaus Chemnitz als Angelina (La Cenerentola) sowie als Carmen (Carmen) zur\u00fcck. Sylvia Rena Ziegler studierte an der Hochschule f\u00fcr Musik Franz Liszt in Weimar bei Lani Poulson und Prof. Gudrun Fischer, derzeit wird sie von Prof. Carola Guber betreut. Direkt nach dem Studium wurde sie Mitglied des Opernstudios der Staatsoper Stuttgart und deb\u00fctierte bereits in wichtigen Fachpartien wie Dorabella (Cos\u00ec fan tutte), Rosina (Il barbier di Sevilla) Cherubino (Le nozze di Figaro), Siebel (Faust), Ocatvian (Der Rosenkavalier) und H\u00e4nsel (H\u00e4nsel und Gretel).<\/p>\n<p>Dar\u00fcber hinaus gilt ihr Interesse auch der Zeitgen\u00f6ssischen Musik. Am Theater Magdeburg war Sie als Frau Grubach in der deutschen Erstauff\u00fchrung von Philip Glass\u2018 Der Prozess\u2018 zu erleben, gestaltete die Titelrolle in der Urauff\u00fchrung von Benjamin Schweitzers \u201eS\u00fcdseetulpen\u201c in Chemnitz und war an der Staatsoper Stuttgart in E. Denisovs \u201eSchaum der Tage\u201c als Cover t\u00e4tig. Gastspiele f\u00fchrten sie bisher u. a. an das Theater Freiburg, Heidelberg, Winterthur sowie zu den Schlossfestspielen Ludwigsburg und den Opernfestspielen Heidenheim. Mit Don Giovanni war sie unter der Leitung von David Stern in Shanghai als Zerlina zu erleben und mit der Lautten Compagney Berlin bei den H\u00e4ndelfestspielen Halle.<\/p>\n<p>Sylvia Rena Ziegler ist Preistr\u00e4gerin beim Bundeswettbewerb Gesang Berlin und erhielt dar\u00fcber hinaus den Sonderpreis f\u00fcr den besten Vortrag einer zeitgen\u00f6ssischen Komposition, ist Stipendiatin des Richard-Wagner-Verbands und der Justus-Hermann-Wetzel-Stiftung der Universit\u00e4t der K\u00fcnste in Berlin.<\/p>\n<p>Das f\u00fcr Juni 2021 geplante Hausdebut am Theater Dessau (Octavian, Rosenkavalier) wird auf die Spielzeit 2021\/22 verschoben.<\/p>\n<p><a href=\"https:\/\/sylvia-rena-ziegler.com\/\">www.sylvia-rena-ziegler.com<\/a><\/p>\n<\/div>\n<\/div><\/div><\/div><div id=\"pgc-53-0-1\"  class=\"panel-grid-cell\" ><div id=\"panel-53-0-1-0\" class=\"so-panel widget widget_sow-image panel-first-child panel-last-child\" data-index=\"1\" ><div class=\"so-widget-sow-image so-widget-sow-image-default-d6014b76747a\">\n\n<div class=\"sow-image-container\">\n\t<img src=\"https:\/\/zieglerwiesner.de\/wp-content\/uploads\/2021\/01\/IMG_3421resize.jpg\" width=\"640\" height=\"960\" srcset=\"https:\/\/zieglerwiesner.de\/wp-content\/uploads\/2021\/01\/IMG_3421resize.jpg 640w, https:\/\/zieglerwiesner.de\/wp-content\/uploads\/2021\/01\/IMG_3421resize-200x300.jpg 200w\" sizes=\"(max-width: 640px) 100vw, 640px\" alt=\"\" \t\tclass=\"so-widget-image\"\/>\n<\/div>\n\n<\/div><\/div><\/div><\/div><\/div>","protected":false},"excerpt":{"rendered":"<p>An der Leipziger Oper gab die junge Mezzosopranistin diese Spielzeit als Waltraute (Der Ring an einem Abend) ihr Hausdebut. Am Nationaltheater Mannheim war sie vergangene Spielzeit als Waltraute und Ro\u00dfweise (Der Ring an einem Abend) zu erleben, desweiteren kehrte sie an das Opernhaus Chemnitz als Angelina (La Cenerentola) sowie als Carmen (Carmen) zur\u00fcck. Sylvia Rena [&hellip;]<\/p>\n","protected":false},"author":2,"featured_media":0,"parent":796,"menu_order":2,"comment_status":"closed","ping_status":"closed","template":"home-panels.php","meta":{"ngg_post_thumbnail":0},"_links":{"self":[{"href":"https:\/\/zieglerwiesner.de\/index.php?rest_route=\/wp\/v2\/pages\/53"}],"collection":[{"href":"https:\/\/zieglerwiesner.de\/index.php?rest_route=\/wp\/v2\/pages"}],"about":[{"href":"https:\/\/zieglerwiesner.de\/index.php?rest_route=\/wp\/v2\/types\/page"}],"author":[{"embeddable":true,"href":"https:\/\/zieglerwiesner.de\/index.php?rest_route=\/wp\/v2\/users\/2"}],"replies":[{"embeddable":true,"href":"https:\/\/zieglerwiesner.de\/index.php?rest_route=%2Fwp%2Fv2%2Fcomments&post=53"}],"version-history":[{"count":28,"href":"https:\/\/zieglerwiesner.de\/index.php?rest_route=\/wp\/v2\/pages\/53\/revisions"}],"predecessor-version":[{"id":869,"href":"https:\/\/zieglerwiesner.de\/index.php?rest_route=\/wp\/v2\/pages\/53\/revisions\/869"}],"up":[{"embeddable":true,"href":"https:\/\/zieglerwiesner.de\/index.php?rest_route=\/wp\/v2\/pages\/796"}],"wp:attachment":[{"href":"https:\/\/zieglerwiesner.de\/index.php?rest_route=%2Fwp%2Fv2%2Fmedia&parent=53"}],"curies":[{"name":"wp","href":"https:\/\/api.w.org\/{rel}","templated":true}]}}