{"id":71,"date":"2021-01-21T08:00:13","date_gmt":"2021-01-21T08:00:13","guid":{"rendered":"https:\/\/zieglerwiesner.de\/?page_id=71"},"modified":"2021-05-10T12:53:19","modified_gmt":"2021-05-10T12:53:19","slug":"presse","status":"publish","type":"page","link":"https:\/\/zieglerwiesner.de\/?page_id=71","title":{"rendered":"Presse"},"content":{"rendered":"<div id=\"pl-71\" class=\"panel-layout\">\n<div id=\"pg-71-0\" class=\"panel-grid panel-no-style\" data-style=\"{&quot;background_image_attachment&quot;:false,&quot;background_display&quot;:&quot;tile&quot;,&quot;cell_alignment&quot;:&quot;flex-start&quot;}\" data-ratio=\"0.33333333\" data-ratio-direction=\"right\">\n<div id=\"pgc-71-0-0\" class=\"panel-grid-cell\" data-weight=\"1\">\n<div id=\"panel-71-0-0-0\" class=\"so-panel widget widget_sow-editor panel-first-child panel-last-child\" data-index=\"0\" data-style=\"{&quot;background_image_attachment&quot;:false,&quot;background_display&quot;:&quot;tile&quot;}\">\n<div class=\"so-widget-sow-editor so-widget-sow-editor-base\">\n<div class=\"siteorigin-widget-tinymce textwidget\">\n<h4>&nbsp;<\/h4>\n<h4 style=\"text-align: center;\"><em>&#8222;&#8230;mit warmer, samtiger Stimme akzentuierte Mezzosopranistin Sylvia Rena Ziegler. Am Fl\u00fcgel&nbsp; war Pianistin Friederike Wiesner eine treffliche Partnerin, entlockte Feinheiten, lie\u00df auch die letzten Wellen der T\u00f6ne ausklingen&#8230;&#8220;<\/em><\/h4>\n<p style=\"text-align: center;\"><em>&#8230;<a href=\"https:\/\/zieglerwiesner.de\/wp-content\/uploads\/2021\/02\/Kritik-GG.pdf\" target=\"_blank\" rel=\"noopener\">weiterlesen<\/a>&#8230;<\/em><\/p>\n<p>&nbsp;<\/p>\n<hr>\n<h4 style=\"text-align: center;\"><em>\u201c&#8230;eine prachtvolle Stimme, getragen von einer h\u00f6chst differenzierten Klavierbegleitung.&#8220;<\/em><\/h4>\n<p style=\"text-align: center;\"><em>&#8230;<a href=\"https:\/\/zieglerwiesner.de\/wp-content\/uploads\/2021\/02\/Kritik-Koeln.pdf\" target=\"_blank\" rel=\"noopener\">weiterlesen<\/a>&#8230;<\/em><\/p>\n<p>&nbsp;<\/p>\n<blockquote><hr><\/blockquote>\n<p>&nbsp;<\/p>\n<h4 style=\"text-align: center;\">\u201c\u2026<em> ein Liedduo, das allen Registern des Genres mehr als gerecht wurde.&#8220;<\/em>&nbsp;<\/h4>\n<p style=\"text-align: center;\"><em>&#8230;<a href=\"https:\/\/www.zieglerwiesner.de\/wp-content\/uploads\/2012\/09\/Kritik-Feldberz-TZ.pdf\" target=\"_blank\" rel=\"noopener\">weiterlesen<\/a>&#8230;<\/em><\/p>\n<p style=\"text-align: center;\">&nbsp;<\/p>\n<hr>\n<p>&nbsp;<\/p>\n<h4 style=\"text-align: center;\"><em>\u201c&#8230;au\u00dfergew\u00f6hnliches Raffinement an gestalterischen M\u00f6glichkeiten.&#8220;<\/em><\/h4>\n<p style=\"text-align: center;\">&#8230;<em><a href=\"https:\/\/zieglerwiesner.de\/wp-content\/uploads\/2021\/02\/Kritik-Pfungstadt.pdf\" target=\"_blank\" rel=\"noopener\">weiterlesen<\/a><\/em>&#8230;<\/p>\n<p>&nbsp;<\/p>\n<hr>\n<h4>&nbsp;<\/h4>\n<h4 style=\"text-align: center;\"><em>\u201c&#8230;ein Liederabend auf Spitzenniveau.&#8220;<\/em><\/h4>\n<p style=\"text-align: center;\"><em>&#8230;<a href=\"https:\/\/zieglerwiesner.de\/wp-content\/uploads\/2021\/02\/Kritik-Feldberz-TZ.pdf\" target=\"_blank\" rel=\"noopener\">weiterlesen<\/a>&#8230;<\/em><\/p>\n<\/div>\n<\/div>\n<\/div>\n<\/div>\n<\/div>\n<\/div>\n\n\n<div class=\"wp-block-nextend-smartslider3\"><\/div>\n","protected":false},"excerpt":{"rendered":"<p>&nbsp; &#8222;&#8230;mit warmer, samtiger Stimme akzentuierte Mezzosopranistin Sylvia Rena Ziegler. Am Fl\u00fcgel&nbsp; war Pianistin Friederike Wiesner eine treffliche Partnerin, entlockte Feinheiten, lie\u00df auch die letzten Wellen der T\u00f6ne ausklingen&#8230;&#8220; &#8230;weiterlesen&#8230; &nbsp; \u201c&#8230;eine prachtvolle Stimme, getragen von einer h\u00f6chst differenzierten Klavierbegleitung.&#8220; &#8230;weiterlesen&#8230; &nbsp; &nbsp; \u201c\u2026 ein Liedduo, das allen Registern des Genres mehr als gerecht wurde.&#8220;&nbsp; [&hellip;]<\/p>\n","protected":false},"author":2,"featured_media":0,"parent":0,"menu_order":0,"comment_status":"closed","ping_status":"closed","template":"","meta":{"ngg_post_thumbnail":0},"_links":{"self":[{"href":"https:\/\/zieglerwiesner.de\/index.php?rest_route=\/wp\/v2\/pages\/71"}],"collection":[{"href":"https:\/\/zieglerwiesner.de\/index.php?rest_route=\/wp\/v2\/pages"}],"about":[{"href":"https:\/\/zieglerwiesner.de\/index.php?rest_route=\/wp\/v2\/types\/page"}],"author":[{"embeddable":true,"href":"https:\/\/zieglerwiesner.de\/index.php?rest_route=\/wp\/v2\/users\/2"}],"replies":[{"embeddable":true,"href":"https:\/\/zieglerwiesner.de\/index.php?rest_route=%2Fwp%2Fv2%2Fcomments&post=71"}],"version-history":[{"count":92,"href":"https:\/\/zieglerwiesner.de\/index.php?rest_route=\/wp\/v2\/pages\/71\/revisions"}],"predecessor-version":[{"id":783,"href":"https:\/\/zieglerwiesner.de\/index.php?rest_route=\/wp\/v2\/pages\/71\/revisions\/783"}],"wp:attachment":[{"href":"https:\/\/zieglerwiesner.de\/index.php?rest_route=%2Fwp%2Fv2%2Fmedia&parent=71"}],"curies":[{"name":"wp","href":"https:\/\/api.w.org\/{rel}","templated":true}]}}