{"id":796,"date":"2021-05-12T08:16:29","date_gmt":"2021-05-12T08:16:29","guid":{"rendered":"https:\/\/zieglerwiesner.de\/?page_id=796"},"modified":"2021-05-12T11:38:16","modified_gmt":"2021-05-12T11:38:16","slug":"deutsch","status":"publish","type":"page","link":"https:\/\/zieglerwiesner.de\/?page_id=796","title":{"rendered":"Deutsch"},"content":{"rendered":"\n<h1>Vita<\/h1>\n\n\n\n<p>Das LiedDuo ZieglerWiesner, welches seit der gemeinsamen Studienzeiten in Weimar besteht, konnte sich \u00fcber Erfolge und Auszeichnungen bei renommierten Wettbewerben, wie \u201cInternationaler Wettbewerb Franz Schubert und die Musik der Moderne\u201d Graz, \u201cBundeswettbewerb Gesang\u201d Berlin, \u201cInternationaler Wettbewerb f\u00fcr Liedkunst Hugo Wolf\u201d Stuttgart freuen. Die beiden K\u00fcnstlerinnen setzen sich immer wieder mit ausgefallenen Liedprogrammen auseinander, erweitern ihr Repertoire st\u00e4ndig und konzertieren regelm\u00e4\u00dfig im In- und Ausland. Dabei f\u00fchlen sie sich im klassischen Repertoire ebenso heimisch, wie in zeitgen\u00f6ssischer Musik und sind immer wieder auf der Suche den eigenen Horizont zu erweitern und Neues zu ergr\u00fcnden.<\/p>\n\n\n\n<p>In ihrem letzten Konzert, welches von HR2 Kultur ausgestrahlt wurde erkundeten sie zu Unrecht in Vergessenheit geratene Komponisten rund um Richard Wagner im Schweizer Exil. Im Zentrum stand Wagner und seine Muse Mathilde Wesendonck mit den Wesendonck-Liedern. Ein Gro\u00dfteil der Musik war allerdings bislang nahezu unerh\u00f6rten Werken von Johann Carl Eschmann, Wilhelm Baumgartner und Alexander Ritter gewidmet \u2013 allesamt Komponistenkollegen, denen er freundschaftlich verbunden war in seiner Zeit im Z\u00fcricher Exil.&nbsp;<\/p>\n\n\n\n<p>Ein weiteres Beispiel besteht aus einem Abend rund um \u201eDie sch\u00f6ne M\u00fcllerin \u2013 ihre Sicht\u201c, aus der die Geschichte von der Seite der M\u00fcllerstochter beleuchtet wird \u2013 gekleidet in Brahms Liedern\u2026.<\/p>\n\n\n\n<p>Diese Schatzsuche empfinden die beiden K\u00fcnstlerinnen als zutiefst befriedigend und die Reaktion des Publikums deckt sich mit deren Begeisterung und Faszination f\u00fcr diese Kleinode\u2026.<\/p>\n\n\n\n<div class=\"wp-block-nextend-smartslider3\"><\/div>\n","protected":false},"excerpt":{"rendered":"<p>Vita Das LiedDuo ZieglerWiesner, welches seit der gemeinsamen Studienzeiten in Weimar besteht, konnte sich \u00fcber Erfolge und Auszeichnungen bei renommierten Wettbewerben, wie \u201cInternationaler Wettbewerb Franz Schubert und die Musik der Moderne\u201d Graz, \u201cBundeswettbewerb Gesang\u201d Berlin, \u201cInternationaler Wettbewerb f\u00fcr Liedkunst Hugo Wolf\u201d Stuttgart freuen. Die beiden K\u00fcnstlerinnen setzen sich immer wieder mit ausgefallenen Liedprogrammen auseinander, erweitern [&hellip;]<\/p>\n","protected":false},"author":2,"featured_media":0,"parent":0,"menu_order":0,"comment_status":"closed","ping_status":"closed","template":"","meta":{"ngg_post_thumbnail":0},"_links":{"self":[{"href":"https:\/\/zieglerwiesner.de\/index.php?rest_route=\/wp\/v2\/pages\/796"}],"collection":[{"href":"https:\/\/zieglerwiesner.de\/index.php?rest_route=\/wp\/v2\/pages"}],"about":[{"href":"https:\/\/zieglerwiesner.de\/index.php?rest_route=\/wp\/v2\/types\/page"}],"author":[{"embeddable":true,"href":"https:\/\/zieglerwiesner.de\/index.php?rest_route=\/wp\/v2\/users\/2"}],"replies":[{"embeddable":true,"href":"https:\/\/zieglerwiesner.de\/index.php?rest_route=%2Fwp%2Fv2%2Fcomments&post=796"}],"version-history":[{"count":3,"href":"https:\/\/zieglerwiesner.de\/index.php?rest_route=\/wp\/v2\/pages\/796\/revisions"}],"predecessor-version":[{"id":852,"href":"https:\/\/zieglerwiesner.de\/index.php?rest_route=\/wp\/v2\/pages\/796\/revisions\/852"}],"wp:attachment":[{"href":"https:\/\/zieglerwiesner.de\/index.php?rest_route=%2Fwp%2Fv2%2Fmedia&parent=796"}],"curies":[{"name":"wp","href":"https:\/\/api.w.org\/{rel}","templated":true}]}}